{"id":1559,"date":"2021-11-09T10:12:06","date_gmt":"2021-11-09T10:12:06","guid":{"rendered":"https:\/\/routevanverzoening.nl\/amersfoort\/route-of-commemorative-plaques\/7-scheltemalaan-3\/"},"modified":"2022-10-31T13:10:37","modified_gmt":"2022-10-31T13:10:37","slug":"7-scheltemalaan-3","status":"publish","type":"page","link":"https:\/\/routevanverzoening.nl\/amersfoort\/en\/route-of-commemorative-plaques\/7-scheltemalaan-3\/","title":{"rendered":"7. Scheltemalaan 3"},"content":{"rendered":"<h4>Route of Commemorative Plaques<\/h4>\n<h1>7. Scheltemalaan 3<\/h1>\n<h3>This was the home of EMMA VAN DILLEWIJN<br \/>\nMurdered in Ravensbr\u00fcck on 06\/03\/1945<\/h3>\n<p><span style=\"font-weight: 400;\">Emma van Dillewijn was born in Rostock on 2 November 1900. She was unmarried and worked as a foster care inspector for Maatschappij Zandbergen in Amersfoort. On Scheltemalaan, where she lived, there were the children&#8217;s homes Korhoen and Zandwijk and also Treekerbergje and the Ortthuis nearby. <\/span><span style=\"font-weight: 400;\">T<\/span><span style=\"font-weight: 400;\">home at Zandbergen are also the three young people<\/span><a href=\"https:\/\/www.herdenkingsstenenamersfoort.nl\/slachtoffers\/erich-julius-weil\/\" target=\"_blank\" rel=\"noopener\"><span style=\"font-weight: 400;\">Erich Julius Weil<\/span><\/a><span style=\"font-weight: 400;\">,<\/span><a href=\"https:\/\/www.herdenkingsstenenamersfoort.nl\/slachtoffers\/cornelia-maria-klein\/\" target=\"_blank\" rel=\"noopener\"><span style=\"font-weight: 400;\">Cornelia Maria Klein<\/span><\/a><span style=\"font-weight: 400;\"> and<\/span><a href=\"https:\/\/www.herdenkingsstenenamersfoort.nl\/slachtoffers\/hans-gerd-angress\/\" target=\"_blank\" rel=\"noopener\"><span style=\"font-weight: 400;\">Hans Gerd Angress<\/span><\/a><span style=\"font-weight: 400;\">. Erich and Hans sought accommodation at Zandbergen after fleeing Germany and Cornelia ended up in the children&#8217;s home due to her home situation.<\/span><\/p>\n<div id=\"attachment_852\" style=\"width: 650px\" class=\"wp-caption aligncenter\"><img loading=\"lazy\" decoding=\"async\" aria-describedby=\"caption-attachment-852\" class=\"wp-image-852 size-full\" src=\"https:\/\/routevanverzoening.nl\/amersfoort\/wp-content\/uploads\/2021\/11\/HS7-herdenkingssteen-Emma-v-Dillewijn-en-ZB-door-Monique-Zwart.jpeg\" alt=\"\" width=\"640\" height=\"480\" srcset=\"https:\/\/routevanverzoening.nl\/amersfoort\/wp-content\/uploads\/2021\/11\/HS7-herdenkingssteen-Emma-v-Dillewijn-en-ZB-door-Monique-Zwart.jpeg 640w, https:\/\/routevanverzoening.nl\/amersfoort\/wp-content\/uploads\/2021\/11\/HS7-herdenkingssteen-Emma-v-Dillewijn-en-ZB-door-Monique-Zwart-300x225.jpeg 300w\" sizes=\"auto, (max-width: 640px) 100vw, 640px\" \/><p id=\"caption-attachment-852\" class=\"wp-caption-text\">Photo by Monique Zwart<\/p><\/div>\n<p><span style=\"font-weight: 400;\">On Paradijsweg, Huize Ingeborg was also used as a children&#8217;s home. Emma visited foster families across the country and had a large network for finding places where children could go into hiding. The children\u2019s home filled up, Jewish children were given pseudonyms, the homes were requisitioned and director Mulock Houwer was arrested in September 1942 for his resistance activities and deported to Natzweiler. Emma was a valuable force behind the organisation and a huge support for Mrs Mulock Houwer who, after the arrest of her husband, took over day to day management.<\/span><\/p>\n<h3>War Diary <b>Zandbergen<\/b><\/h3>\n<p><span style=\"font-weight: 400;\">In 1944, police officers and NSB employees Cabalt and Beumer were tasked with searching the house at Scheltemalaan 3. The war diary of Zandbergen says: \u20188 March 1944 Arrest of Emmy van Dillewijn; bombing of Soesterberg. Seizure of stable and boss\u2019s office.<\/span><\/p>\n<h3><b>Hidden in<\/b> a <b>cupboard<\/b><\/h3>\n<p><span style=\"font-weight: 400;\">Emma was arrested for hiding seven Jewish persons. In the basement of the house, they found two Jewish women who were hidden in a cupboard and, upstairs another five Jews. Their names: Johanna Maria Catharina van Westerborg, Naatje Polak, Margot Kilinski, Dina Hooremans-Engers, the couple Betje and Abraham Polak and Bella Polak-Beem. All of them were aged between 41 and 56. On 10 September 1944, the victims were \u2018removed from the office by the SD to be transferred to Rotterdam\u2019, according to the handwritten police report from 1944. The Jewish victims were murdered between the end of March and August 1944 in Auschwitz. Abraham died on 21 April 1945 in Czernowitz (now in Ukra\u00efne). Emma went from Rotterdam to Ravensbr\u00fcck via Camp Westerbork and was issued with camp number 66811. In Ravensbr\u00fcck, Emma died on 6 March 1945. The war diary indicates that on 25 May 1945, once the director had returned, alive, from Dachau: \u2018The postman arrived with stacks of post from all corners of our country. Nothing yet known about Miss Emmy van Dillewijn.\u2019<\/span><\/p>\n<h3><b>At home at<\/b> Zandbergen<\/h3>\n<p><span style=\"font-weight: 400;\">Mulock Houwer, who grew up as an orphan at Zandbergen and was the director of Zandbergen before the war, survived the Natzweiler and Dachau camps and returned to Zandbergen in mid-May 1945. His friend, who was arrested with him, Cornelis Sisselaar did not survive the camps. On 5 May 1945, as the girls\u2019 group from Treekerbergje was still staying at the Rembrandtschool due to their home being requisitioned, the German-Jewish girl Elfriede Ingenkamp was shot dead. Read more about the 140 year history of Zandbergen in the book \u2018Thuis bij Zandbergen\u2018.<\/span><\/p>\n<p><a href=\"https:\/\/routevanverzoening.nl\/amersfoort\/en\/route4\/6-voltastraat-55\/\">Previous stop<\/a> | <a href=\"https:\/\/routevanverzoening.nl\/amersfoort\/en\/herdenking\/\">Main Page <\/a>| <a href=\"https:\/\/routevanverzoening.nl\/amersfoort\/en\/herdenking\/8-scheltemalaan-5\/\">Next stop<\/a><\/p>\n<p><iframe class=\"map\" style=\"border: 0; max-width: 100%;\" src=\"https:\/\/widgets.scribblemaps.com\/sm\/?d&amp;z&amp;l&amp;gc&amp;af&amp;mc&amp;lat=52.157026974&amp;lng=5.387527655&amp;vz=17&amp;type=road&amp;ti&amp;s&amp;width=550&amp;height=400&amp;id=SlYahcvtXJ\" frameborder=\"0\" allowfullscreen=\"allowfullscreen\"><\/iframe><\/p>\n","protected":false},"excerpt":{"rendered":"<p>Route of Commemorative Plaques 7. Scheltemalaan 3 This was the home of EMMA VAN DILLEWIJN Murdered in Ravensbr\u00fcck on 06\/03\/1945 Emma van Dillewijn was born in Rostock on 2 November 1900. She was unmarried and worked as a foster care inspector for Maatschappij Zandbergen in Amersfoort. On Scheltemalaan, where she lived, there were the children&#8217;s<a href=\"https:\/\/routevanverzoening.nl\/amersfoort\/en\/route-of-commemorative-plaques\/7-scheltemalaan-3\/\" class=\"read-more\">&nbsp; Continue Reading &raquo;<\/a><\/p>\n","protected":false},"author":2,"featured_media":0,"parent":1532,"menu_order":0,"comment_status":"closed","ping_status":"closed","template":"","meta":{"_uag_custom_page_level_css":"","footnotes":""},"class_list":["post-1559","page","type-page","status-publish","hentry"],"uagb_featured_image_src":{"full":false,"thumbnail":false,"medium":false,"medium_large":false,"large":false,"1536x1536":false,"2048x2048":false},"uagb_author_info":{"display_name":"Tom de Wit","author_link":"https:\/\/routevanverzoening.nl\/amersfoort\/en\/author\/tomdewit\/"},"uagb_comment_info":0,"uagb_excerpt":"Route of Commemorative Plaques 7. Scheltemalaan 3 This was the home of EMMA VAN DILLEWIJN Murdered in Ravensbr\u00fcck on 06\/03\/1945 Emma van Dillewijn was born in Rostock on 2 November 1900. She was unmarried and worked as a foster care inspector for Maatschappij Zandbergen in Amersfoort. On Scheltemalaan, where she lived, there were the children&#8217;s&nbsp;&hellip;","_links":{"self":[{"href":"https:\/\/routevanverzoening.nl\/amersfoort\/en\/wp-json\/wp\/v2\/pages\/1559","targetHints":{"allow":["GET"]}}],"collection":[{"href":"https:\/\/routevanverzoening.nl\/amersfoort\/en\/wp-json\/wp\/v2\/pages"}],"about":[{"href":"https:\/\/routevanverzoening.nl\/amersfoort\/en\/wp-json\/wp\/v2\/types\/page"}],"author":[{"embeddable":true,"href":"https:\/\/routevanverzoening.nl\/amersfoort\/en\/wp-json\/wp\/v2\/users\/2"}],"replies":[{"embeddable":true,"href":"https:\/\/routevanverzoening.nl\/amersfoort\/en\/wp-json\/wp\/v2\/comments?post=1559"}],"version-history":[{"count":2,"href":"https:\/\/routevanverzoening.nl\/amersfoort\/en\/wp-json\/wp\/v2\/pages\/1559\/revisions"}],"predecessor-version":[{"id":1689,"href":"https:\/\/routevanverzoening.nl\/amersfoort\/en\/wp-json\/wp\/v2\/pages\/1559\/revisions\/1689"}],"up":[{"embeddable":true,"href":"https:\/\/routevanverzoening.nl\/amersfoort\/en\/wp-json\/wp\/v2\/pages\/1532"}],"wp:attachment":[{"href":"https:\/\/routevanverzoening.nl\/amersfoort\/en\/wp-json\/wp\/v2\/media?parent=1559"}],"curies":[{"name":"wp","href":"https:\/\/api.w.org\/{rel}","templated":true}]}}