{"id":348,"date":"2021-11-09T10:21:52","date_gmt":"2021-11-09T10:21:52","guid":{"rendered":"https:\/\/routevanverzoening.nl\/amersfoort\/?page_id=348"},"modified":"2021-11-23T11:05:35","modified_gmt":"2021-11-23T11:05:35","slug":"17-borneoplein-21","status":"publish","type":"page","link":"https:\/\/routevanverzoening.nl\/amersfoort\/herdenking\/17-borneoplein-21\/","title":{"rendered":"17. Borneoplein 21"},"content":{"rendered":"<h4>Herdenkingsstenen pad<\/h4>\n<h1>17. Borneoplein 21<\/h1>\n<h3>hier woonde STEPHANUS JACOBUS VAN ROIJEN<br \/>\nvermoord in Sachsenhausen op 03-05-1942<\/h3>\n<p>Stephanus Jacobus van Roijen werd op 5 augustus 1899 geboren in Den Haag. Zijn ouders waren Pieter van Roijen en Johanna Maria Eerkens. Ten tijde van zijn geboorte woonden zij in Utrecht. In 1923 trouwde Stephanus Johannes met Henriette Adriana Sloot. Op 9 juli 1927 werd hun dochter Emilie Lucie geboren.<br \/>\nStephanus studeerde in 1921 af aan de KMA. Vanaf 1923 woonde de tweede luitenant in Amersfoort, eerst op Leusderweg 177; enkele jaren later verhuisde hij met vrouw en dochter naar Borneoplein 21. Toen de inmiddels tot eerste luitenant bevorderde Stephanus een opleiding volgde aan de Hoogere Krijgsschool woonde het gezin, van 1933 tot 1936, in Den Haag. Vanuit Den Haag keerden ze terug naar Borneoplein 21. In 1938 werd Stephanus bevorderd tot kapitein.<\/p>\n<div id=\"attachment_1003\" style=\"width: 1034px\" class=\"wp-caption aligncenter\"><img loading=\"lazy\" decoding=\"async\" aria-describedby=\"caption-attachment-1003\" class=\"wp-image-1003 size-large\" src=\"https:\/\/routevanverzoening.nl\/amersfoort\/wp-content\/uploads\/2021\/11\/HS10herdenking-Stephanus-Jacobus-van-Roijen-door-Elany-Koopman-ROC-1024x684.jpg\" alt=\"\" width=\"1024\" height=\"684\" srcset=\"https:\/\/routevanverzoening.nl\/amersfoort\/wp-content\/uploads\/2021\/11\/HS10herdenking-Stephanus-Jacobus-van-Roijen-door-Elany-Koopman-ROC-1024x684.jpg 1024w, https:\/\/routevanverzoening.nl\/amersfoort\/wp-content\/uploads\/2021\/11\/HS10herdenking-Stephanus-Jacobus-van-Roijen-door-Elany-Koopman-ROC-300x200.jpg 300w, https:\/\/routevanverzoening.nl\/amersfoort\/wp-content\/uploads\/2021\/11\/HS10herdenking-Stephanus-Jacobus-van-Roijen-door-Elany-Koopman-ROC-768x513.jpg 768w, https:\/\/routevanverzoening.nl\/amersfoort\/wp-content\/uploads\/2021\/11\/HS10herdenking-Stephanus-Jacobus-van-Roijen-door-Elany-Koopman-ROC-1536x1026.jpg 1536w, https:\/\/routevanverzoening.nl\/amersfoort\/wp-content\/uploads\/2021\/11\/HS10herdenking-Stephanus-Jacobus-van-Roijen-door-Elany-Koopman-ROC.jpg 1919w\" sizes=\"auto, (max-width: 1024px) 100vw, 1024px\" \/><p id=\"caption-attachment-1003\" class=\"wp-caption-text\">Foto door Elany Koopman ROC<\/p><\/div>\n<h3>Het eerste OD-proces<\/h3>\n<p>In de oorlog maakte Stephanus Jacobus van Roijen deel uit van de Ordedienst (OD), een illegale organisatie van militairen, oud-militairen en burgers. In eerste instantie had men als doel de openbare orde te handhaven na het spoedig verwachte vertrek van de Duitsers. Toen dit niet re\u00ebel bleek, gingen de leden steeds meer actief verzet plegen, door middel van sabotage van Duitse netwerken en door het verzamelen van inlichtingen over de vijand, om die naar Engeland te kunnen sturen. De organisatorische kern van de OD werd in de lente van \u201941 door de Duitsers opgerold; een groot deel van de districts- en plaatselijke commandanten werd toen gearresteerd. Een eerste grote groep van 86 arrestanten, onder wie niet alleen OD-leden, werd begin \u201942 geleidelijk aan samengebracht in Kamp Amersfoort. Het \u2018eerste OD-proces\u2019 begon eind maart \u201942 in het paviljoen van het Berghotel in Amersfoort. Telkens werd uit de 86 arrestanten een groep opgeroepen om verhoord te worden. Op 3 april werd de laatste groep verhoord.<\/p>\n<p>Vijf dagen later, 8 april, werd in de SS-kantine van het kamp de slotzitting gehouden. Tegen 80 van de 86 werd de doodstraf ge\u00ebist. De mannen werden in een aparte barak, barak 4, opgesloten. Deze barak werd streng ge\u00efsoleerd. Op 11 april werd vonnis gewezen. Van de 86 hoorden zes tuchthuisstraffen tegen zich uitspreken, 80 werden ter dood veroordeeld. Die 80 werden naar barak 4 teruggebracht. In overvalwagens werden ze vervolgens naar de gevangenis in Utrecht overgebracht. Door familieleden werden gratieverzoeken ingediend. In zeven gevallen werd de doodstraf omgezet in levenslange tuchthuisstraf, in \u00e9\u00e9n geval werd een nieuw onderzoek ge\u00ebist. Vanuit Utrecht werden 72 personen, van wie doodvonnissen bekrachtigd waren, naar concentratiekamp Sachsenhausen afgevoerd. Op zondagmorgen 3 mei werden zij daar man voor man met een schot in de nek afgemaakt. Onder hen waren naast Stephanus Jacobus nog zes andere<\/p>\n<h3>Amersfoorters<\/h3>\n<p>Naar Stephanus Jacobus van Roijen werd in de wijk Rustenburg een straat genoemd: het Van Roijenpad.<\/p>\n<h3>Informatie<\/h3>\n<p>Voor de informatie over de OD en het eerste OD-proces is o.a. gebruik gemaakt van Het Koninkrijk der Nederlanden in de Tweede Wereldoorlog 1939-1945, door Dr. L. de Jong en Om niet te vergeten. De Tweede wereldoorlog herdacht in Amersfoort, een uitgave van de Gemeente Amersfoort.<\/p>\n<p>&nbsp;<\/p>\n<p><a href=\"https:\/\/routevanverzoening.nl\/amersfoort\/herdenking\/16-borneoplein-18\/\">Vorige stop<\/a> | <a href=\"https:\/\/routevanverzoening.nl\/amersfoort\/route4\/\">Hoofdpagina<\/a> | <a href=\"https:\/\/routevanverzoening.nl\/amersfoort\/herdenking\/18-bankastraat-19\/\">Volgende stop<\/a><\/p>\n<p><iframe class=\"map\" style=\"border: 0; max-width: 100%;\" src=\"https:\/\/widgets.scribblemaps.com\/sm\/?d&amp;z&amp;l&amp;gc&amp;af&amp;mc&amp;lat=52.157026974&amp;lng=5.387527655&amp;vz=17&amp;type=road&amp;ti&amp;s&amp;width=550&amp;height=400&amp;id=SlYahcvtXJ\" frameborder=\"0\" allowfullscreen=\"allowfullscreen\"><\/iframe><\/p>\n","protected":false},"excerpt":{"rendered":"<p>Herdenkingsstenen pad 17. Borneoplein 21 hier woonde STEPHANUS JACOBUS VAN ROIJEN vermoord in Sachsenhausen op 03-05-1942 Stephanus Jacobus van Roijen werd op 5 augustus 1899 geboren in Den Haag. Zijn ouders waren Pieter van Roijen en Johanna Maria Eerkens. Ten tijde van zijn geboorte woonden zij in Utrecht. In 1923 trouwde Stephanus Johannes met Henriette<a href=\"https:\/\/routevanverzoening.nl\/amersfoort\/herdenking\/17-borneoplein-21\/\" class=\"read-more\">&nbsp; Continue Reading &raquo;<\/a><\/p>\n","protected":false},"author":2,"featured_media":0,"parent":44,"menu_order":0,"comment_status":"closed","ping_status":"closed","template":"","meta":{"_uag_custom_page_level_css":"","footnotes":""},"class_list":["post-348","page","type-page","status-publish","hentry"],"uagb_featured_image_src":{"full":false,"thumbnail":false,"medium":false,"medium_large":false,"large":false,"1536x1536":false,"2048x2048":false},"uagb_author_info":{"display_name":"Tom de Wit","author_link":"https:\/\/routevanverzoening.nl\/amersfoort\/author\/tomdewit\/"},"uagb_comment_info":0,"uagb_excerpt":"Herdenkingsstenen pad 17. Borneoplein 21 hier woonde STEPHANUS JACOBUS VAN ROIJEN vermoord in Sachsenhausen op 03-05-1942 Stephanus Jacobus van Roijen werd op 5 augustus 1899 geboren in Den Haag. Zijn ouders waren Pieter van Roijen en Johanna Maria Eerkens. Ten tijde van zijn geboorte woonden zij in Utrecht. In 1923 trouwde Stephanus Johannes met Henriette&nbsp;&hellip;","_links":{"self":[{"href":"https:\/\/routevanverzoening.nl\/amersfoort\/wp-json\/wp\/v2\/pages\/348","targetHints":{"allow":["GET"]}}],"collection":[{"href":"https:\/\/routevanverzoening.nl\/amersfoort\/wp-json\/wp\/v2\/pages"}],"about":[{"href":"https:\/\/routevanverzoening.nl\/amersfoort\/wp-json\/wp\/v2\/types\/page"}],"author":[{"embeddable":true,"href":"https:\/\/routevanverzoening.nl\/amersfoort\/wp-json\/wp\/v2\/users\/2"}],"replies":[{"embeddable":true,"href":"https:\/\/routevanverzoening.nl\/amersfoort\/wp-json\/wp\/v2\/comments?post=348"}],"version-history":[{"count":14,"href":"https:\/\/routevanverzoening.nl\/amersfoort\/wp-json\/wp\/v2\/pages\/348\/revisions"}],"predecessor-version":[{"id":1175,"href":"https:\/\/routevanverzoening.nl\/amersfoort\/wp-json\/wp\/v2\/pages\/348\/revisions\/1175"}],"up":[{"embeddable":true,"href":"https:\/\/routevanverzoening.nl\/amersfoort\/wp-json\/wp\/v2\/pages\/44"}],"wp:attachment":[{"href":"https:\/\/routevanverzoening.nl\/amersfoort\/wp-json\/wp\/v2\/media?parent=348"}],"curies":[{"name":"wp","href":"https:\/\/api.w.org\/{rel}","templated":true}]}}